{"id":1797,"date":"2011-07-14T19:45:29","date_gmt":"2011-07-14T19:45:29","guid":{"rendered":"http:\/\/192.168.9.29\/Development\/TB\/?page_id=5"},"modified":"2025-10-07T18:04:08","modified_gmt":"2025-10-07T16:04:08","slug":"societe","status":"publish","type":"page","link":"https:\/\/www.building-sa.fr\/grand-est\/societe\/","title":{"rendered":"Notre soci\u00e9t\u00e9"},"content":{"rendered":"<div class=\"mp-row-fluid motopress-row mpce-dsbl-margin-left mpce-dsbl-margin-right\">\n<div class=\"motopress-clmn mp-span12  mpce-dsbl-margin-left mpce-dsbl-margin-right\">\n<div class=\"mp-row-fluid motopress-row mpce-dsbl-margin-left mpce-dsbl-margin-right\">\n<div class=\"motopress-clmn mp-span12 mpce-dsbl-margin-left mpce-dsbl-margin-right\">\n<div class=\"motopress-text-obj\">\n<h2>Build'ing Grand Est, Entreprise G\u00e9n\u00e9rale du b\u00e2timent<\/h2>\n<\/div>\n<\/div>\n<\/div>\n<div class=\"mp-row-fluid motopress-row mpce-dsbl-margin-left mpce-dsbl-margin-right\">\n<div class=\"motopress-clmn mp-span12 mpce-dsbl-margin-left mpce-dsbl-margin-right\">\n<div class=\"motopress-text-obj\">\n<p>Cr\u00e9\u00e9e depuis le 1er juillet 2006 \u00e0 PARIS (78400), <span style=\"text-decoration: underline;\">I2CR est une SA au capital de 300 000 \u20ac,<\/span> dont le si\u00e8ge social est \u00e0 MULHOUSE, qui s\u2019est sp\u00e9cialis\u00e9e dans la <strong>conception<\/strong>, la <strong>construction<\/strong> et la <strong>r\u00e9habilitation<\/strong> de b\u00e2timents \u00e0 usage de bureaux, d\u2019activit\u00e9s, de commerces, d\u2019entrep\u00f4ts et logements.<\/p>\n<p>I2CR int\u00e8gre le groupe BUILD\u2019ING en octobre 2023 et devient BUILD\u2019ING Grand Est.<\/p>\n<table style=\"border: solid 1px;\">\n<tbody>\n<tr>\n<td style=\"width: 10%; border: solid 1px;\"><\/td>\n<td style=\"width: 30%; border: solid 1px; text-align: center;\"><strong>I2CR devenue Build\u2019ing Grand Est<\/strong><\/td>\n<td style=\"width: 30%; border: solid 1px; text-align: center;\"><strong>Groupe Build\u2019ing<\/strong><\/td>\n<td style=\"width: 30%; border: solid 1px; text-align: center;\"><strong>Consolid\u00e9<\/strong><\/td>\n<\/tr>\n<tr>\n<td style=\"border: solid 1px;\">2014<\/td>\n<td style=\"border: solid 1px;\">2 521 063 \u20ac<\/td>\n<td style=\"border: solid 1px;\">-<\/td>\n<td style=\"border: solid 1px;\">-<\/td>\n<\/tr>\n<tr>\n<td style=\"border: solid 1px;\">2015<\/td>\n<td style=\"border: solid 1px;\">14 152 906 \u20ac<\/td>\n<td style=\"border: solid 1px;\">-<\/td>\n<td style=\"border: solid 1px;\">-<\/td>\n<\/tr>\n<tr>\n<td style=\"border: solid 1px;\">2016<\/td>\n<td style=\"border: solid 1px;\">14 915 050 \u20ac<\/td>\n<td style=\"border: solid 1px;\">-<\/td>\n<td style=\"border: solid 1px;\">-<\/td>\n<\/tr>\n<tr>\n<td style=\"border: solid 1px;\">2017<\/td>\n<td style=\"border: solid 1px;\">4 706 698 \u20ac<\/td>\n<td style=\"border: solid 1px;\">-<\/td>\n<td style=\"border: solid 1px;\">-<\/td>\n<\/tr>\n<tr>\n<td style=\"border: solid 1px;\">2018<\/td>\n<td style=\"border: solid 1px;\">10 473 538 \u20ac<\/td>\n<td style=\"border: solid 1px;\">-<\/td>\n<td style=\"border: solid 1px;\">-<\/td>\n<\/tr>\n<tr>\n<td style=\"border: solid 1px;\">2019<\/td>\n<td style=\"border: solid 1px;\">16 037 573 \u20ac<\/td>\n<td style=\"border: solid 1px;\">-<\/td>\n<td style=\"border: solid 1px;\">-<\/td>\n<\/tr>\n<tr>\n<td style=\"border: solid 1px;\">2020<\/td>\n<td style=\"border: solid 1px;\">10 621 962 \u20ac<\/td>\n<td style=\"border: solid 1px;\">-<\/td>\n<td style=\"border: solid 1px;\">-<\/td>\n<\/tr>\n<tr>\n<td style=\"border: solid 1px;\">2021<\/td>\n<td style=\"border: solid 1px;\">8 761 371 \u20ac<\/td>\n<td style=\"border: solid 1px;\">-<\/td>\n<td style=\"border: solid 1px;\">-<\/td>\n<\/tr>\n<tr>\n<td style=\"border: solid 1px;\">2022<\/td>\n<td style=\"border: solid 1px;\">11 488 844 \u20ac<\/td>\n<td style=\"border: solid 1px;\">-<\/td>\n<td style=\"border: solid 1px;\">-<\/td>\n<\/tr>\n<tr>\n<td style=\"border: solid 1px;\">2023<\/td>\n<td style=\"border: solid 1px;\">6 700 000 \u20ac<\/td>\n<td style=\"border: solid 1px;\">52 000 000 \u20ac<\/td>\n<td style=\"border: solid 1px;\">58 700 000 \u20ac<\/td>\n<\/tr>\n<\/tbody>\n<\/table>\n<p>&nbsp;<\/p>\n<p>Build'ing Grand Est a r\u00e9alis\u00e9, depuis 2006, 750 000 m\u00b2 de b\u00e2timents divers. Elle compte parmi ses clients des noms prestigieux comme :<strong> Inter IKEA, COCA COLA, ALINEA, CARREFOUR, ALCATEL Lucent, GRAND FRAIS, THALES, CHANNEL, DECATHLON, SPEED PARK, CRYOSTAR, LA POSTE IMMO, LIDL, NORMA, SNCF, ...<\/strong><\/p>\n<\/div>\n<\/div>\n<\/div>\n<\/div>\n<\/div>\n<div class=\"mp-row-fluid motopress-row mpce-dsbl-margin-left mpce-dsbl-margin-right\">\n<div class=\"motopress-clmn mp-span12  mpce-dsbl-margin-left mpce-dsbl-margin-right\">\n<div class=\"motopress-text-obj\">\n<hr \/>\n<\/div>\n<\/div>\n<\/div>\n<div class=\"mp-row-fluid motopress-row mpce-dsbl-margin-left mpce-dsbl-margin-right\">\n<div class=\"motopress-clmn mp-span6  mpce-dsbl-margin-left mpce-dsbl-margin-right\">\n<div class=\"motopress-text-obj\">\n<p>&nbsp;<\/p>\n<p><strong><span style=\"text-decoration: underline;\"><span style=\"color: #ac0336; text-decoration: underline;\">Quatre services s\u2019articulent autour de la direction de Build'ing Grand Est :<\/span><\/span><\/strong><\/p>\n<ul>\n<li>Le service commercial,<\/li>\n<li>Le service \u00e9tude de prix et m\u00e9thode,<\/li>\n<li>Le service travaux, achats<\/li>\n<li>Le service administratif.<\/li>\n<\/ul>\n<\/div>\n<\/div>\n<div class=\"motopress-clmn mp-span6  mpce-dsbl-margin-left mpce-dsbl-margin-right\">\n<div class=\"motopress-text-obj\">\n<p>&nbsp;<\/p>\n<p><strong><span style=\"text-decoration: underline;\"><span style=\"color: #ac0336; text-decoration: underline;\">Les valeurs de l\u2019entreprise :<\/span><\/span><\/strong><\/p>\n<ul>\n<li>A l\u2019\u00e9coute de nos clients,<\/li>\n<li>Un partenariat en confiance,<\/li>\n<li>Le respect des co\u00fbts et du planning,<\/li>\n<li>Les garanties de l\u2019entreprise g\u00e9n\u00e9rale apr\u00e8s r\u00e9ception des travaux<\/li>\n<\/ul>\n<\/div>\n<\/div>\n<\/div>\n<div class=\"mp-row-fluid motopress-row mpce-dsbl-margin-left mpce-dsbl-margin-right\">\n<div class=\"motopress-clmn mp-span12  mpce-dsbl-margin-left mpce-dsbl-margin-right\">\n<div class=\"motopress-text-obj\">\n<p>&nbsp;<\/p>\n<hr \/>\n<\/div>\n<\/div>\n<\/div>\n<div class=\"mp-row-fluid motopress-row mpce-dsbl-margin-left mpce-dsbl-margin-right\">\n<div class=\"motopress-clmn mp-span12  mpce-dsbl-margin-left mpce-dsbl-margin-right\">\n<div class=\"mp-row-fluid motopress-row mpce-dsbl-margin-left mpce-dsbl-margin-right\">\n<div class=\"motopress-clmn mp-span12 mpce-dsbl-margin-left mpce-dsbl-margin-right\">\n<div class=\"motopress-text-obj\">\n<p>&nbsp;<\/p>\n<p><strong><span style=\"text-decoration: underline;\"><span style=\"color: #ac0336; text-decoration: underline;\">Organigramme :<\/span><\/span><\/strong><\/p>\n<p><strong><span style=\"text-decoration: underline;\"><span style=\"color: #ac0336; text-decoration: underline;\"><img loading=\"lazy\" decoding=\"async\" class=\"alignnone wp-image-3148\" src=\"https:\/\/www.building-sa.fr\/grand-est\/wp-content\/uploads\/Organigramme-BUILDING-Grand-Est-300x212.jpg\" alt=\"\" width=\"720\" height=\"509\" srcset=\"https:\/\/www.building-sa.fr\/grand-est\/wp-content\/uploads\/Organigramme-BUILDING-Grand-Est-300x212.jpg 300w, https:\/\/www.building-sa.fr\/grand-est\/wp-content\/uploads\/Organigramme-BUILDING-Grand-Est-1024x724.jpg 1024w, https:\/\/www.building-sa.fr\/grand-est\/wp-content\/uploads\/Organigramme-BUILDING-Grand-Est-1536x1086.jpg 1536w, https:\/\/www.building-sa.fr\/grand-est\/wp-content\/uploads\/Organigramme-BUILDING-Grand-Est.jpg 1754w\" sizes=\"auto, (max-width: 720px) 100vw, 720px\" \/><\/span><\/span><\/strong><\/p>\n<\/div>\n<\/div>\n<\/div>\n<\/div>\n<\/div>\n","protected":false},"excerpt":{"rendered":"Build'ing Grand Est, Entreprise G\u00e9n\u00e9rale du b\u00e2timent Cr\u00e9\u00e9e depuis le 1er juillet 2006 \u00e0 PARIS (78400), I2CR est une SA au capital de 300 000 \u20ac, dont le si\u00e8ge social est \u00e0 MULHOUSE, qui s\u2019est sp\u00e9cialis\u00e9e dans la conception, la construction et la r\u00e9habilitation de b\u00e2timents \u00e0 usage de bureaux, d\u2019activit\u00e9s, de commerces, d\u2019entrep\u00f4ts et logements. I2CR int\u00e8gre le groupe&nbsp;<a href=\"https:\/\/www.building-sa.fr\/grand-est\/societe\/\" class=\"read-more\">Lire la suite<\/a>","protected":false},"author":1,"featured_media":0,"parent":0,"menu_order":1,"comment_status":"open","ping_status":"open","template":"page-fullwidth.php","meta":{"footnotes":""},"class_list":["post-1797","page","type-page","status-publish","hentry"],"aioseo_notices":[],"_links":{"self":[{"href":"https:\/\/www.building-sa.fr\/grand-est\/wp-json\/wp\/v2\/pages\/1797","targetHints":{"allow":["GET"]}}],"collection":[{"href":"https:\/\/www.building-sa.fr\/grand-est\/wp-json\/wp\/v2\/pages"}],"about":[{"href":"https:\/\/www.building-sa.fr\/grand-est\/wp-json\/wp\/v2\/types\/page"}],"author":[{"embeddable":true,"href":"https:\/\/www.building-sa.fr\/grand-est\/wp-json\/wp\/v2\/users\/1"}],"replies":[{"embeddable":true,"href":"https:\/\/www.building-sa.fr\/grand-est\/wp-json\/wp\/v2\/comments?post=1797"}],"version-history":[{"count":99,"href":"https:\/\/www.building-sa.fr\/grand-est\/wp-json\/wp\/v2\/pages\/1797\/revisions"}],"predecessor-version":[{"id":3152,"href":"https:\/\/www.building-sa.fr\/grand-est\/wp-json\/wp\/v2\/pages\/1797\/revisions\/3152"}],"wp:attachment":[{"href":"https:\/\/www.building-sa.fr\/grand-est\/wp-json\/wp\/v2\/media?parent=1797"}],"curies":[{"name":"wp","href":"https:\/\/api.w.org\/{rel}","templated":true}]}}