{"id":203,"date":"2011-09-14T09:45:02","date_gmt":"2011-09-14T09:45:02","guid":{"rendered":"http:\/\/192.168.9.29\/Development\/TB\/?page_id=203"},"modified":"2024-10-11T10:16:47","modified_gmt":"2024-10-11T08:16:47","slug":"home","status":"publish","type":"page","link":"https:\/\/www.building-sa.fr\/grand-est\/","title":{"rendered":"Accueil"},"content":{"rendered":"<div class=\"mp-row-fluid motopress-row mpce-dsbl-margin-left mpce-dsbl-margin-right\">\n<div class=\"motopress-clmn mp-span12  mpce-dsbl-margin-left mpce-dsbl-margin-right\">\n<div class=\"motopress-text-obj\">\n<hr \/>\n<\/div>\n<\/div>\n<\/div>\n<div class=\"mp-row-fluid motopress-row mpce-dsbl-margin-left mpce-dsbl-margin-right\">\n<div class=\"motopress-clmn mp-span6  mpce-dsbl-margin-left mpce-dsbl-margin-right\">\n<div class=\"mp-row-fluid motopress-row mpce-dsbl-margin-left mpce-dsbl-margin-right\">\n<div class=\"motopress-clmn mp-span12 mpce-dsbl-margin-left mpce-dsbl-margin-right\">\n<div class=\"motopress-text-obj\">\n<h2>Actualit\u00e9s<\/h2>\n<\/div>\n<hr \/>\n<\/div>\n<\/div>\n<div class=\"mp-row-fluid motopress-row mpce-dsbl-margin-left mpce-dsbl-margin-right\">\n<div class=\"motopress-clmn mp-span12 mpce-dsbl-margin-left mpce-dsbl-margin-right\">\n<h3>I2CR est devenue BUILD\u2019ING Grand Est<\/h3>\n<p>C\u2019est en octobre 2023 que notre soci\u00e9t\u00e9 int\u00e8gre le groupe BUILD\u2019ING et devient la direction r\u00e9gionale Grand Est.<br \/>\nNous gardons la m\u00eame \u00e9quipe, les m\u00eames missions et les m\u00eames engagements ! \u00bb<\/p>\n<\/div>\n<\/div>\n<div class=\"mp-row-fluid motopress-row mpce-dsbl-margin-left mpce-dsbl-margin-right\">\n<div class=\"motopress-clmn mp-span12 mpce-dsbl-margin-left mpce-dsbl-margin-right\">\n<\/div>\n<\/div>\n<\/div>\n<div class=\"motopress-clmn mp-span6  mpce-dsbl-margin-left mpce-dsbl-margin-right\">\n<div class=\"mp-row-fluid motopress-row mpce-dsbl-margin-left mpce-dsbl-margin-right\">\n<div class=\"motopress-clmn mp-span12 mpce-dsbl-margin-left mpce-dsbl-margin-right\">\n<div class=\"motopress-text-obj\">\n<h2>Nos r\u00e9f\u00e9rences<\/h2>\n<\/div>\n<hr \/>\n<\/div>\n<\/div>\n<div class=\"mp-row-fluid motopress-row mpce-dsbl-margin-left mpce-dsbl-margin-right\">\n<div class=\"motopress-clmn mp-span12 mpce-dsbl-margin-left mpce-dsbl-margin-right\">\n<p><a href=\"https:\/\/www.building-sa.fr\/grand-est\/realisations\/\"><div class=\"motopress-image-obj motopress-text-align-left motopress-margin-top-20\"><img decoding=\"async\" src=\"https:\/\/www.building-sa.fr\/grand-est\/wp-content\/uploads\/Building-ge-carte-references-2410.gif\" title=\"Building-ge-carte-references-2410\" alt=\"Building-ge-carte-references-2410\" class=\"motopress-image-obj-basic mpce-dsbl-margin-left mpce-dsbl-margin-right mpce-dsbl-margin-top mpce-dsbl-margin-bottom\" \/><\/div><\/a><\/p>\n<\/div>\n<\/div>\n<\/div>\n<\/div>\n","protected":false},"excerpt":{"rendered":"","protected":false},"author":1,"featured_media":0,"parent":0,"menu_order":0,"comment_status":"open","ping_status":"closed","template":"page-home.php","meta":{"footnotes":""},"class_list":["post-203","page","type-page","status-publish","hentry"],"aioseo_notices":[],"_links":{"self":[{"href":"https:\/\/www.building-sa.fr\/grand-est\/wp-json\/wp\/v2\/pages\/203","targetHints":{"allow":["GET"]}}],"collection":[{"href":"https:\/\/www.building-sa.fr\/grand-est\/wp-json\/wp\/v2\/pages"}],"about":[{"href":"https:\/\/www.building-sa.fr\/grand-est\/wp-json\/wp\/v2\/types\/page"}],"author":[{"embeddable":true,"href":"https:\/\/www.building-sa.fr\/grand-est\/wp-json\/wp\/v2\/users\/1"}],"replies":[{"embeddable":true,"href":"https:\/\/www.building-sa.fr\/grand-est\/wp-json\/wp\/v2\/comments?post=203"}],"version-history":[{"count":70,"href":"https:\/\/www.building-sa.fr\/grand-est\/wp-json\/wp\/v2\/pages\/203\/revisions"}],"predecessor-version":[{"id":3065,"href":"https:\/\/www.building-sa.fr\/grand-est\/wp-json\/wp\/v2\/pages\/203\/revisions\/3065"}],"wp:attachment":[{"href":"https:\/\/www.building-sa.fr\/grand-est\/wp-json\/wp\/v2\/media?parent=203"}],"curies":[{"name":"wp","href":"https:\/\/api.w.org\/{rel}","templated":true}]}}