{"id":2095,"date":"2016-06-13T16:21:46","date_gmt":"2016-06-13T14:21:46","guid":{"rendered":"https:\/\/www.building-sa.fr\/grand-est\/?page_id=2095"},"modified":"2016-07-05T12:23:09","modified_gmt":"2016-07-05T10:23:09","slug":"engagements","status":"publish","type":"page","link":"https:\/\/www.building-sa.fr\/grand-est\/engagements\/","title":{"rendered":"Nos engagements"},"content":{"rendered":"<div class=\"row \">\n<div class=\"span12 \"><div class=\"motopress-text-obj\">\n<h3 style=\"text-align: center;\">Respect du contrat et de nos engagements<\/h3>\n<hr \/>\n<h3 style=\"text-align: center;\">Qualit\u00e9 de r\u00e9alisations des ouvrages en conformit\u00e9 avec tous les textes et normes en vigueur<\/h3>\n<hr \/>\n<h3 style=\"text-align: center;\">\u00catre un acteur \u00e9conomique local en apportant un CA durable aux PME partenaires de notre soci\u00e9t\u00e9<\/h3>\n<hr \/>\n<h3 style=\"text-align: center;\">La satisfaction de nos clients pour mieux les fid\u00e9liser<\/h3>\n<hr \/>\n<h3 style=\"text-align: center;\">L\u2019ensemble des garanties financi\u00e8res n\u00e9cessaires<\/h3>\n<hr \/>\n<\/div><\/div>\n<\/div><!-- .row (end) -->\n","protected":false},"excerpt":{"rendered":"","protected":false},"author":1,"featured_media":0,"parent":0,"menu_order":0,"comment_status":"closed","ping_status":"closed","template":"page-fullwidth.php","meta":{"footnotes":""},"class_list":["post-2095","page","type-page","status-publish","hentry"],"aioseo_notices":[],"_links":{"self":[{"href":"https:\/\/www.building-sa.fr\/grand-est\/wp-json\/wp\/v2\/pages\/2095","targetHints":{"allow":["GET"]}}],"collection":[{"href":"https:\/\/www.building-sa.fr\/grand-est\/wp-json\/wp\/v2\/pages"}],"about":[{"href":"https:\/\/www.building-sa.fr\/grand-est\/wp-json\/wp\/v2\/types\/page"}],"author":[{"embeddable":true,"href":"https:\/\/www.building-sa.fr\/grand-est\/wp-json\/wp\/v2\/users\/1"}],"replies":[{"embeddable":true,"href":"https:\/\/www.building-sa.fr\/grand-est\/wp-json\/wp\/v2\/comments?post=2095"}],"version-history":[{"count":10,"href":"https:\/\/www.building-sa.fr\/grand-est\/wp-json\/wp\/v2\/pages\/2095\/revisions"}],"predecessor-version":[{"id":2328,"href":"https:\/\/www.building-sa.fr\/grand-est\/wp-json\/wp\/v2\/pages\/2095\/revisions\/2328"}],"wp:attachment":[{"href":"https:\/\/www.building-sa.fr\/grand-est\/wp-json\/wp\/v2\/media?parent=2095"}],"curies":[{"name":"wp","href":"https:\/\/api.w.org\/{rel}","templated":true}]}}