{"id":2299,"date":"2016-06-14T16:44:36","date_gmt":"2016-06-14T14:44:36","guid":{"rendered":"https:\/\/www.building-sa.fr\/grand-est\/?page_id=2299"},"modified":"2016-06-20T10:49:04","modified_gmt":"2016-06-20T08:49:04","slug":"mentions-legales","status":"publish","type":"page","link":"https:\/\/www.building-sa.fr\/grand-est\/mentions-legales\/","title":{"rendered":"Mentions l\u00e9gales"},"content":{"rendered":"<p>Ce site est \u00e9dit\u00e9 par la soci\u00e9t\u00e9 <strong>I2CR<\/strong> dont la raison social est <strong>SA I2CR<\/strong> au capital de 300 000\u20ac, immatricul\u00e9e au registre du commerce et des soci\u00e9t\u00e9s de Strasbourg sous le num\u00e9ro RCS Versailles 491 082 343 et le num\u00e9ro de TVA Intracommunautaire est FR 80491082343<br \/>\n4\/6, rue Emile Pathe<br \/>\n78400 CHATOU<br \/>\nTel\u00a0: +33 (0)1 78 94 77 99<\/p>\n<p>Le responsable de la publication de ce site est M. Thierry Marc.<\/p>\n<p>Ce site est con\u00e7u par WSI - Europe Internet<br \/>\n16 rue des Cordonniers<br \/>\n67000 Strasbourg (Alsace - France)<br \/>\nt\u00e9l\u00a0: +33 (0)3 88 84 99 04<br \/>\n<a href=\"http:\/\/www.wsiinternetperformance.com\/\" target=\"_blank\">http:\/\/www.wsiinternetperformance.com<\/a><\/p>\n<p>Il est h\u00e9berg\u00e9 chez Gandi<br \/>\nGANDI SAS<br \/>\n63-65 boulevard Massena<br \/>\n75013 Paris<br \/>\nT\u00e9l\u00e9phone : +33.(0) 1 70.37.76.61<br \/>\n<a href=\"https:\/\/www.gandi.net\">https:\/\/www.gandi.net<\/a><\/p>\n<p>Informations personnelles\u00a0: les informations que vous nous transmettez via nos formulaires nous permettent de mieux vous conna\u00eetre. Ces informations sont destin\u00e9es exclusivement \u00e0 la soci\u00e9t\u00e9 <strong>I2CR<\/strong> , elles ne seront ni vendues ni transmises \u00e0 des tiers. En outre vous disposez d\u2019un droit d\u2019acc\u00e8s, de modification et de suppression des donn\u00e9es qui vous concernent (art. 34 de la loi informatique et libert\u00e9s). Le num\u00e9ro de la d\u00e9claration du fichier \u00e0 la CNIL est le\u00a01244792.<\/p>\n<p>Pour l\u2019exercer, adressez-vous \u00e0\u00a0:<br \/>\n<strong>I2CR<\/strong><br \/>\n4\/6, rue Emile Pathe<br \/>\n78400 CHATOU<br \/>\nTel\u00a0: +33 (0)1 78 94 77 99<br \/>\nE-mail\u00a0: <a href=\"mailto:contact@i2cr.fr\">contact@i2cr.fr<\/a><\/p>\n","protected":false},"excerpt":{"rendered":"Ce site est \u00e9dit\u00e9 par la soci\u00e9t\u00e9 I2CR dont la raison social est SA I2CR au capital de 300 000\u20ac, immatricul\u00e9e au registre du commerce et des soci\u00e9t\u00e9s de Strasbourg sous le num\u00e9ro RCS Versailles 491 082 343 et le num\u00e9ro de TVA Intracommunautaire est FR 80491082343 4\/6, rue Emile Pathe 78400 CHATOU Tel\u00a0: +33 (0)1 78 94 77 99&nbsp;<a href=\"https:\/\/www.building-sa.fr\/grand-est\/mentions-legales\/\" class=\"read-more\">Lire la suite<\/a>","protected":false},"author":1,"featured_media":0,"parent":0,"menu_order":0,"comment_status":"closed","ping_status":"closed","template":"page-fullwidth.php","meta":{"footnotes":""},"class_list":["post-2299","page","type-page","status-publish","hentry"],"aioseo_notices":[],"_links":{"self":[{"href":"https:\/\/www.building-sa.fr\/grand-est\/wp-json\/wp\/v2\/pages\/2299","targetHints":{"allow":["GET"]}}],"collection":[{"href":"https:\/\/www.building-sa.fr\/grand-est\/wp-json\/wp\/v2\/pages"}],"about":[{"href":"https:\/\/www.building-sa.fr\/grand-est\/wp-json\/wp\/v2\/types\/page"}],"author":[{"embeddable":true,"href":"https:\/\/www.building-sa.fr\/grand-est\/wp-json\/wp\/v2\/users\/1"}],"replies":[{"embeddable":true,"href":"https:\/\/www.building-sa.fr\/grand-est\/wp-json\/wp\/v2\/comments?post=2299"}],"version-history":[{"count":8,"href":"https:\/\/www.building-sa.fr\/grand-est\/wp-json\/wp\/v2\/pages\/2299\/revisions"}],"predecessor-version":[{"id":2428,"href":"https:\/\/www.building-sa.fr\/grand-est\/wp-json\/wp\/v2\/pages\/2299\/revisions\/2428"}],"wp:attachment":[{"href":"https:\/\/www.building-sa.fr\/grand-est\/wp-json\/wp\/v2\/media?parent=2299"}],"curies":[{"name":"wp","href":"https:\/\/api.w.org\/{rel}","templated":true}]}}