{"id":9,"date":"2011-07-14T19:46:13","date_gmt":"2011-07-14T19:46:13","guid":{"rendered":"http:\/\/192.168.9.29\/Development\/TB\/?page_id=9"},"modified":"2024-10-08T16:10:45","modified_gmt":"2024-10-08T14:10:45","slug":"missions","status":"publish","type":"page","link":"https:\/\/www.building-sa.fr\/grand-est\/missions\/","title":{"rendered":"Nos missions"},"content":{"rendered":"<div class=\"mp-row-fluid motopress-row mpce-dsbl-margin-left mpce-dsbl-margin-right\">\n<div class=\"motopress-clmn mp-span12  mpce-dsbl-margin-left mpce-dsbl-margin-right\">\n<div class=\"motopress-text-obj\">\n<p style=\"text-align: justify;\">BUILD'ING Grand Est, fort de l\u2019exp\u00e9rience de ses collaborateurs et de ses r\u00e9seaux de PME locales, intervient en tant que contractant g\u00e9n\u00e9ral et entreprise g\u00e9n\u00e9rale sur l\u2019ensemble du territoire fran\u00e7ais.<\/p>\n<p style=\"text-align: justify;\">Nous intervenons suivant trois modalit\u00e9s\u00a0:<\/p>\n<\/div>\n<\/div>\n<\/div>\n<div class=\"mp-row-fluid motopress-row mpce-dsbl-margin-left mpce-dsbl-margin-right\">\n<div class=\"motopress-clmn mp-span6  mpce-dsbl-margin-left mpce-dsbl-margin-right\">\n<div class=\"motopress-text-obj\">\n<h5 style=\"text-align: right;color:#ac0336;\">Entreprise g\u00e9n\u00e9rale d\u2019ex\u00e9cution\u00a0:<\/h5>\n<\/div>\n<\/div>\n<div class=\"motopress-clmn mp-span6  mpce-dsbl-margin-left mpce-dsbl-margin-right\">\n<div class=\"motopress-text-obj\">\n<p style=\"text-align: justify;\">A partir d\u2019un dossier de consultation fourni par le maitre d\u2019ouvrage nous r\u00e9aliserons tout type de projet.<\/p>\n<p style=\"text-align: justify;\">Interlocuteur unique, nous pr\u00e9parons, coordonnons et ex\u00e9cutons les travaux TCE avec facult\u00e9 de sous-traiter tout ou partie des ouvrages.<\/p>\n<\/div>\n<\/div>\n<\/div>\n<div class=\"mp-row-fluid motopress-row mpce-dsbl-margin-left mpce-dsbl-margin-right\">\n<div class=\"motopress-clmn mp-span12  mpce-dsbl-margin-left mpce-dsbl-margin-right\">\n<div class=\"motopress-text-obj\">\n<hr \/>\n<\/div>\n<\/div>\n<\/div>\n<div class=\"mp-row-fluid motopress-row mpce-dsbl-margin-left mpce-dsbl-margin-right\">\n<div class=\"motopress-clmn mp-span6  mpce-dsbl-margin-left mpce-dsbl-margin-right\">\n<div class=\"motopress-text-obj\">\n<h5 style=\"text-align: right;color:#ac0336;\">Contractant g\u00e9n\u00e9ral avec maitrise d\u2019\u0153uvre d\u2019ex\u00e9cution\u00a0:<\/h5>\n<\/div>\n<\/div>\n<div class=\"motopress-clmn mp-span6  mpce-dsbl-margin-left mpce-dsbl-margin-right\">\n<div class=\"motopress-text-obj\">\n<p style=\"text-align: justify;\">A partir d\u2019un dossier sommaire type Permis de Construire, notice de vente et \/ou APS.<\/p>\n<p style=\"text-align: justify;\">Nous \u00e9tablirons l\u2019ensemble des pi\u00e8ces \u00e9crites n\u00e9cessaires au march\u00e9 de travaux, nous le soumettrons \u00e0 validation du M Ouvrage et nous r\u00e9aliserons en Entreprise g\u00e9n\u00e9rale les travaux correspondants (cf. paragraphe ci-dessus).<\/p>\n<\/div>\n<\/div>\n<\/div>\n<div class=\"mp-row-fluid motopress-row mpce-dsbl-margin-left mpce-dsbl-margin-right\">\n<div class=\"motopress-clmn mp-span12  mpce-dsbl-margin-left mpce-dsbl-margin-right\">\n<div class=\"motopress-text-obj\">\n<hr \/>\n<\/div>\n<\/div>\n<\/div>\n<div class=\"mp-row-fluid motopress-row mpce-dsbl-margin-left mpce-dsbl-margin-right\">\n<div class=\"motopress-clmn mp-span6  mpce-dsbl-margin-left mpce-dsbl-margin-right\">\n<div class=\"motopress-text-obj\">\n<h5 style=\"text-align: right;color:#ac0336;\">Contractant g\u00e9n\u00e9ral avec maitrise d\u2019\u0153uvre de conception et r\u00e9alisation\u00a0:<\/h5>\n<\/div>\n<\/div>\n<div class=\"motopress-clmn mp-span6  mpce-dsbl-margin-left mpce-dsbl-margin-right\">\n<div class=\"motopress-text-obj\">\n<p style=\"text-align: justify;\">A partir d\u2019un programme \u00e9tabli par le Maitre d\u2019ouvrage.<\/p>\n<p style=\"text-align: justify;\">Nous constituerons un groupement de Conception et r\u00e9alisation avec un architecte et des bureaux d\u2019\u00e9tudes techniques, BUILD'ING Grand Est en qualit\u00e9 d\u2019entreprise g\u00e9n\u00e9rale sera le mandataire du groupement ainsi constitu\u00e9.<\/p>\n<p style=\"text-align: justify;\">Nous d\u00e9terminerons l\u2019avant-projet et le dossier march\u00e9\u00a0correspondant, ainsi que le permis de construire et g\u00e9rerons l\u2019ensemble des d\u00e9marches administratives n\u00e9cessaires \u00e0 la r\u00e9alisation du projet avec des \u00e9tapes de validation interm\u00e9diaires et la livraison en \u00ab\u00a0cl\u00e9s en mains \u00ab\u00a0 dans un d\u00e9lais et un prix d\u00e9termin\u00e9.<\/p>\n<\/div>\n<\/div>\n<\/div>\n","protected":false},"excerpt":{"rendered":"","protected":false},"author":1,"featured_media":0,"parent":0,"menu_order":2,"comment_status":"open","ping_status":"closed","template":"page-fullwidth.php","meta":{"footnotes":""},"class_list":["post-9","page","type-page","status-publish","hentry"],"aioseo_notices":[],"_links":{"self":[{"href":"https:\/\/www.building-sa.fr\/grand-est\/wp-json\/wp\/v2\/pages\/9","targetHints":{"allow":["GET"]}}],"collection":[{"href":"https:\/\/www.building-sa.fr\/grand-est\/wp-json\/wp\/v2\/pages"}],"about":[{"href":"https:\/\/www.building-sa.fr\/grand-est\/wp-json\/wp\/v2\/types\/page"}],"author":[{"embeddable":true,"href":"https:\/\/www.building-sa.fr\/grand-est\/wp-json\/wp\/v2\/users\/1"}],"replies":[{"embeddable":true,"href":"https:\/\/www.building-sa.fr\/grand-est\/wp-json\/wp\/v2\/comments?post=9"}],"version-history":[{"count":12,"href":"https:\/\/www.building-sa.fr\/grand-est\/wp-json\/wp\/v2\/pages\/9\/revisions"}],"predecessor-version":[{"id":3077,"href":"https:\/\/www.building-sa.fr\/grand-est\/wp-json\/wp\/v2\/pages\/9\/revisions\/3077"}],"wp:attachment":[{"href":"https:\/\/www.building-sa.fr\/grand-est\/wp-json\/wp\/v2\/media?parent=9"}],"curies":[{"name":"wp","href":"https:\/\/api.w.org\/{rel}","templated":true}]}}